{"id":2834,"date":"2023-12-31T13:24:30","date_gmt":"2023-12-31T12:24:30","guid":{"rendered":"https:\/\/www.atvignette.com\/rumunska-dialnicna-znamka\/"},"modified":"2024-06-18T15:17:11","modified_gmt":"2024-06-18T13:17:11","slug":"rumunska-dialnicna-znamka","status":"publish","type":"page","link":"https:\/\/www.atvignette.com\/sk\/rumunska-dialnicna-znamka\/","title":{"rendered":"Rumunsk\u00e1 dia\u013eni\u010dn\u00e1 zn\u00e1mka"},"content":{"rendered":"","protected":false},"excerpt":{"rendered":"","protected":false},"author":1,"featured_media":0,"parent":0,"menu_order":0,"comment_status":"closed","ping_status":"closed","template":"","meta":{"footnotes":""},"categories":[],"tags":[327],"_links":{"self":[{"href":"https:\/\/www.atvignette.com\/sk\/wp-json\/wp\/v2\/pages\/2834"}],"collection":[{"href":"https:\/\/www.atvignette.com\/sk\/wp-json\/wp\/v2\/pages"}],"about":[{"href":"https:\/\/www.atvignette.com\/sk\/wp-json\/wp\/v2\/types\/page"}],"author":[{"embeddable":true,"href":"https:\/\/www.atvignette.com\/sk\/wp-json\/wp\/v2\/users\/1"}],"replies":[{"embeddable":true,"href":"https:\/\/www.atvignette.com\/sk\/wp-json\/wp\/v2\/comments?post=2834"}],"version-history":[{"count":1,"href":"https:\/\/www.atvignette.com\/sk\/wp-json\/wp\/v2\/pages\/2834\/revisions"}],"predecessor-version":[{"id":4046,"href":"https:\/\/www.atvignette.com\/sk\/wp-json\/wp\/v2\/pages\/2834\/revisions\/4046"}],"wp:attachment":[{"href":"https:\/\/www.atvignette.com\/sk\/wp-json\/wp\/v2\/media?parent=2834"}],"wp:term":[{"taxonomy":"category","embeddable":true,"href":"https:\/\/www.atvignette.com\/sk\/wp-json\/wp\/v2\/categories?post=2834"},{"taxonomy":"post_tag","embeddable":true,"href":"https:\/\/www.atvignette.com\/sk\/wp-json\/wp\/v2\/tags?post=2834"}],"curies":[{"name":"wp","href":"https:\/\/api.w.org\/{rel}","templated":true}]}}